{"id":153,"date":"2022-03-22T11:32:24","date_gmt":"2022-03-22T14:32:24","guid":{"rendered":"http:\/\/templo.uni5.net\/?page_id=153"},"modified":"2022-07-15T14:05:10","modified_gmt":"2022-07-15T17:05:10","slug":"bem-vindo","status":"publish","type":"page","link":"https:\/\/templodoreisalomao.com.br\/","title":{"rendered":""},"content":{"rendered":"\n\n\n\n<div style=\"height:33px\" aria-hidden=\"true\" class=\"wp-block-spacer\"><\/div>\n\n\n\n<div class=\"wp-block-media-text alignwide is-stacked-on-mobile\" style=\"grid-template-columns:30% auto\"><figure class=\"wp-block-media-text__media\"><img loading=\"lazy\" decoding=\"async\" width=\"660\" height=\"700\" src=\"http:\/\/templo.uni5.net\/wp-content\/uploads\/2022\/03\/ab.jpg\" alt=\"\" class=\"wp-image-98 size-full\" srcset=\"https:\/\/templodoreisalomao.com.br\/wp-content\/uploads\/2022\/03\/ab.jpg 660w, https:\/\/templodoreisalomao.com.br\/wp-content\/uploads\/2022\/03\/ab-283x300.jpg 283w\" sizes=\"auto, (max-width: 660px) 100vw, 660px\" \/><\/figure><div class=\"wp-block-media-text__content\">\n<h5 class=\"has-luminous-vivid-amber-color has-text-color wp-block-heading\" style=\"font-size:25px\">TEMPLO DO REI SALOM\u00c3O<\/h5>\n\n\n\n<p class=\"has-black-color has-text-color\" style=\"font-size:17px\">Ma\u00e7onaria, forma reduzida e usual de franco-ma\u00e7onaria, \u00e9 uma irmandade filos\u00f3fica, filantr\u00f3pica, inici\u00e1tica, progressista e discreta. De car\u00e1ter universal, cujos membros cultivam o aclassismo, o humanismo, os princ\u00edpios da liberdade, igualdade, fraternidade, democracia e aperfei\u00e7oamento intelectual. Seu adjetivo \u00e9 ma\u00e7\u00f4nico ou ma\u00e7\u00f4nica.<\/p>\n\n\n\n<p class=\"has-black-color has-text-color\" style=\"font-size:17px\">A ma\u00e7onaria \u00e9, portanto, uma sociedade fraternal, que admite todos os homens livres e de bons costumes, sem distin\u00e7\u00e3o de ra\u00e7a, religi\u00e3o, ide\u00e1rio pol\u00edtico ou posi\u00e7\u00e3o social. Suas principais exig\u00eancias s\u00e3o que o candidato acredite em um princ\u00edpio criador, tenha boa \u00edndole e respeite a fam\u00edlia.<\/p>\n<\/div><\/div>\n\n\n\n<div style=\"height:32px\" aria-hidden=\"true\" class=\"wp-block-spacer\"><\/div>\n\n\n\n<div class=\"wp-block-group\"><div class=\"wp-block-group__inner-container is-layout-flow wp-block-group-is-layout-flow\">\n<p class=\"has-text-align-center has-black-color has-text-color has-medium-font-size\" style=\"font-style:normal;font-weight:700\"><strong>Sess\u00f5es Todas as Primeiras e Terceiras Ter\u00e7as-Feiras do M\u00eas as 20:00h<\/strong><\/p>\n<\/div><\/div>\n","protected":false},"excerpt":{"rendered":"<p>TEMPLO DO REI SALOM\u00c3O Ma\u00e7onaria, forma reduzida e usual de franco-ma\u00e7onaria, \u00e9 uma irmandade filos\u00f3fica, filantr\u00f3pica, inici\u00e1tica, progressista e discreta. De car\u00e1ter universal, cujos membros cultivam o aclassismo, o humanismo, &#8230;<\/p>\n","protected":false},"author":1,"featured_media":0,"parent":0,"menu_order":6,"comment_status":"closed","ping_status":"closed","template":"","meta":{"footnotes":""},"class_list":["post-153","page","type-page","status-publish","hentry"],"_links":{"self":[{"href":"https:\/\/templodoreisalomao.com.br\/index.php\/wp-json\/wp\/v2\/pages\/153","targetHints":{"allow":["GET"]}}],"collection":[{"href":"https:\/\/templodoreisalomao.com.br\/index.php\/wp-json\/wp\/v2\/pages"}],"about":[{"href":"https:\/\/templodoreisalomao.com.br\/index.php\/wp-json\/wp\/v2\/types\/page"}],"author":[{"embeddable":true,"href":"https:\/\/templodoreisalomao.com.br\/index.php\/wp-json\/wp\/v2\/users\/1"}],"replies":[{"embeddable":true,"href":"https:\/\/templodoreisalomao.com.br\/index.php\/wp-json\/wp\/v2\/comments?post=153"}],"version-history":[{"count":69,"href":"https:\/\/templodoreisalomao.com.br\/index.php\/wp-json\/wp\/v2\/pages\/153\/revisions"}],"predecessor-version":[{"id":1291,"href":"https:\/\/templodoreisalomao.com.br\/index.php\/wp-json\/wp\/v2\/pages\/153\/revisions\/1291"}],"wp:attachment":[{"href":"https:\/\/templodoreisalomao.com.br\/index.php\/wp-json\/wp\/v2\/media?parent=153"}],"curies":[{"name":"wp","href":"https:\/\/api.w.org\/{rel}","templated":true}]}}