{"id":222,"date":"2022-03-22T15:28:45","date_gmt":"2022-03-22T18:28:45","guid":{"rendered":"http:\/\/templo.uni5.net\/?page_id=222"},"modified":"2022-03-30T09:51:37","modified_gmt":"2022-03-30T12:51:37","slug":"quem-somos","status":"publish","type":"page","link":"https:\/\/templodoreisalomao.com.br\/index.php\/quem-somos\/","title":{"rendered":"QUEM SOMOS"},"content":{"rendered":"\n<p class=\"has-black-color has-text-color\" style=\"font-size:15px\">Somos um pugilo de homens de bem, livres e de bons costumes, reunidos numa \u201cconstru\u00e7\u00e3o\u201d que denominamos \u201cTemplo\u201d, em torno de um ideal comum de Liberdade, Igualdade e Fraternidade. Liberdade de consci\u00eancia; Igualdade como for\u00e7a do progresso e a Fraternidade entre os homens.<\/p>\n\n\n\n<p class=\"has-black-color has-text-color\" style=\"font-size:15px\">Vivemos e aprendemos que \u00e9 sempre pelo Ideal que nos dedicamos; os homens sacrificam-se por vis\u00f5es, mas, o que hoje o vulgo desdenha como ilus\u00f5es, s\u00e3o as certezas do amanh\u00e3.<\/p>\n\n\n\n<p class=\"has-black-color has-text-color\" style=\"font-size:15px\">Cremos num Ente Supremo que honra e enobrece o nosso cora\u00e7\u00e3o, Criador dos Mundos, podendo ser entendido como Deus, no entanto entre n\u00f3s, O denominamos Grande Arquiteto do Universo.<\/p>\n\n\n\n<p class=\"has-black-color has-text-color\" style=\"font-size:15px\">Anunciamos em todos os cantos que a Ma\u00e7onaria \u00e9 uma institui\u00e7\u00e3o essencialmente inici\u00e1tica, filos\u00f3fica, filantr\u00f3pica, progressista e evolucionista. Proclama a preval\u00eancia do Esp\u00edrito sobre a Mat\u00e9ria. Pugna pelo aperfei\u00e7oamento moral, intelectual e social da Humanidade, por meio do cumprimento inflex\u00edvel do Dever, da pr\u00e1tica desinteressada da Benefic\u00eancia e da investiga\u00e7\u00e3o constante da Verdade.<\/p>\n\n\n\n<p class=\"has-black-color has-text-color\" style=\"font-size:15px\">Defendemos com todas as nossas for\u00e7as o direito de Reuni\u00e3o. Nossas reuni\u00f5es acontecem em nossos Templos e, nos reunimos para combater o despotismo, a ignor\u00e2ncia, os preconceitos e os erros. Para glorificar a Verdade e a Justi\u00e7a. Para promover o bem estar da P\u00e1tria e da Humanidade.<\/p>\n\n\n\n<p class=\"has-black-color has-text-color\" style=\"font-size:15px;font-style:normal;font-weight:400\">Como trabalhadores na constru\u00e7\u00e3o de um mundo melhor, cremos e nos dedicamos \u00e0 constru\u00e7\u00e3o de Templos \u00e0 Virtude e de masmorras aos V\u00edcios.<\/p>\n\n\n\n<p class=\"has-black-color has-text-color\" style=\"font-size:15px\">Nosso Dever na rever\u00eancia ao Grande Arquiteto do Universo, na busca harmoniosa de um conv\u00edvio de paz para a Humanidade, uma P\u00e1tria onde reina o respeito e o progresso, a nossa Fam\u00edlia que nos agasalha, ama e protege e, ao final, os deveres do homem para consigo mesmo, ou seja, o amor ao pr\u00f3ximo acima de todas as coisas!<br>N\u00e3o somos inimigos dos governos e autoridades se s\u00e3o justos!<\/p>\n\n\n\n<p class=\"has-black-color has-text-color\" style=\"font-size:15px\">A na\u00e7\u00e3o hoje livre pode amanh\u00e3 estar escravizada. Col\u00f4nia no passado, Imp\u00e9rio ontem, Rep\u00fablica hoje, tais s\u00e3o as fant\u00e1sticas muta\u00e7\u00f5es da cena das na\u00e7\u00f5es nesse mundo.<\/p>\n\n\n\n<p class=\"has-black-color has-text-color\" style=\"font-size:15px\">Aprendemos e ensinamos que o luxo e a riqueza s\u00e3o v\u00edcios que deslumbra o vulgo e que, o homem livre e de sentimentos puros n\u00e3o deve ser vaidoso, nem orgulhoso!<\/p>\n\n\n\n<p class=\"has-black-color has-text-color\" style=\"font-size:15px\">Cremos firmemente que as ci\u00eancias encontradas no desenvolvimento da humanidade em toda a sua hist\u00f3ria, transformaram a vida do homem, trouxeram progressos, sa\u00fade e vida mais duradoura; a ci\u00eancia ampliou os nossos sentidos levando-nos aos extremos do pensamento, onde nos deparamos com o infinitamente grande e o infinitamente pequeno.<br>A Ma\u00e7onaria \u00e9 uma escola moral. Nela meditamos continuamente no pensamento do maior s\u00edmbolo da ci\u00eancia moderna o F\u00edsico Albert Einstein: \u201cExiste um s\u00f3 bem: o conhecimento; existe um s\u00f3 mal: a ignor\u00e2ncia\u201d.<\/p>\n\n\n\n<p class=\"has-black-color has-text-color\" style=\"font-size:15px\">Que somos n\u00f3s?<br>Uma imensa Fam\u00edlia Universal!<br>Filhos vivos de uma vi\u00fava, somos todos Irm\u00e3os!<\/p>\n\n\n\n<p class=\"has-black-color has-text-color\" style=\"font-size:15px\">N\u00f3s nos reconhecemos \u2013 sempre \u2013 uns aos outros, como Irm\u00e3os;<\/p>\n\n\n\n<p class=\"has-black-color has-text-color\" style=\"font-size:15px\">Alimenta os nossos cora\u00e7\u00f5es o Ideal de Fraternidade e Uni\u00e3o:<br>A nossa Ora\u00e7\u00e3o de sempre, est\u00e1 impressa em nossas Almas e no Salmo 133:<br>\u201cComo \u00e9 bom e agrad\u00e1vel viverem os Irm\u00e3os em uni\u00e3o. \u00c9 como o \u00f3leo precioso que unge a cabe\u00e7a de Aar\u00e3o e do qual escorrem gotas para a sua barba e da\u00ed para as suas vestes. Como o orvalho do Monte Hermon que vem cair sobre as montanhas de Tsion, como as b\u00ean\u00e7\u00e3os ordenadas pelo Eterno. Porque elas s\u00e3o perpetuadas em sua vida, s\u00e3o para sempre!\u201d.<\/p>\n\n\n\n<p class=\"has-black-color has-text-color\" style=\"font-size:15px;font-style:normal;font-weight:500\"><strong>A\u2234R\u2234L\u2234S<br>TEMPLO DO REI SALOM\u00c3O &#8211; N\u00ba 3723<br>Ir.: Jo\u00e3o Bosco dos Santos<\/strong><\/p>\n","protected":false},"excerpt":{"rendered":"<p>Somos um pugilo de homens de bem, livres e de bons costumes, reunidos numa \u201cconstru\u00e7\u00e3o\u201d que denominamos \u201cTemplo\u201d, em torno de um ideal comum de Liberdade, Igualdade e Fraternidade. Liberdade &#8230;<\/p>\n","protected":false},"author":1,"featured_media":0,"parent":0,"menu_order":7,"comment_status":"closed","ping_status":"closed","template":"","meta":{"footnotes":""},"class_list":["post-222","page","type-page","status-publish","hentry"],"_links":{"self":[{"href":"https:\/\/templodoreisalomao.com.br\/index.php\/wp-json\/wp\/v2\/pages\/222","targetHints":{"allow":["GET"]}}],"collection":[{"href":"https:\/\/templodoreisalomao.com.br\/index.php\/wp-json\/wp\/v2\/pages"}],"about":[{"href":"https:\/\/templodoreisalomao.com.br\/index.php\/wp-json\/wp\/v2\/types\/page"}],"author":[{"embeddable":true,"href":"https:\/\/templodoreisalomao.com.br\/index.php\/wp-json\/wp\/v2\/users\/1"}],"replies":[{"embeddable":true,"href":"https:\/\/templodoreisalomao.com.br\/index.php\/wp-json\/wp\/v2\/comments?post=222"}],"version-history":[{"count":3,"href":"https:\/\/templodoreisalomao.com.br\/index.php\/wp-json\/wp\/v2\/pages\/222\/revisions"}],"predecessor-version":[{"id":374,"href":"https:\/\/templodoreisalomao.com.br\/index.php\/wp-json\/wp\/v2\/pages\/222\/revisions\/374"}],"wp:attachment":[{"href":"https:\/\/templodoreisalomao.com.br\/index.php\/wp-json\/wp\/v2\/media?parent=222"}],"curies":[{"name":"wp","href":"https:\/\/api.w.org\/{rel}","templated":true}]}}