{"id":251,"date":"2022-03-22T16:49:30","date_gmt":"2022-03-22T19:49:30","guid":{"rendered":"http:\/\/templo.uni5.net\/?page_id=251"},"modified":"2022-07-15T11:14:01","modified_gmt":"2022-07-15T14:14:01","slug":"galeria-de-v-m","status":"publish","type":"page","link":"https:\/\/templodoreisalomao.com.br\/index.php\/galeria-de-v-m\/","title":{"rendered":"GALERIA DE V.: M.:"},"content":{"rendered":"<form data-min-no-for-search=1 data-result-box-max-height=400 data-form-id=1066 class=\"is-search-form is-form-style is-form-style-3 is-form-id-1066 is-ajax-search\" action=\"https:\/\/templodoreisalomao.com.br\/\" method=\"get\" role=\"search\" ><label for=\"is-search-input-1066\"><span class=\"is-screen-reader-text\">Search for:<\/span><input  type=\"search\" id=\"is-search-input-1066\" name=\"s\" value=\"\" class=\"is-search-input\" placeholder=\"Search here...\" autocomplete=off \/><span class=\"is-loader-image\" style=\"display: none;background-image:url(https:\/\/templodoreisalomao.com.br\/wp-content\/plugins\/add-search-to-menu\/public\/images\/spinner.gif);\" ><\/span><\/label><button type=\"submit\" class=\"is-search-submit\"><span class=\"is-screen-reader-text\">Search Button<\/span><span class=\"is-search-icon\"><svg focusable=\"false\" aria-label=\"Search\" xmlns=\"http:\/\/www.w3.org\/2000\/svg\" viewBox=\"0 0 24 24\" width=\"24px\"><path d=\"M15.5 14h-.79l-.28-.27C15.41 12.59 16 11.11 16 9.5 16 5.91 13.09 3 9.5 3S3 5.91 3 9.5 5.91 16 9.5 16c1.61 0 3.09-.59 4.23-1.57l.27.28v.79l5 4.99L20.49 19l-4.99-5zm-6 0C7.01 14 5 11.99 5 9.5S7.01 5 9.5 5 14 7.01 14 9.5 11.99 14 9.5 14z\"><\/path><\/svg><\/span><\/button><input type=\"hidden\" name=\"id\" value=\"1066\" \/><input type=\"hidden\" name=\"post_type\" value=\"wpdmpro\" \/><\/form>\n\n\n\r\n\t\t<div class=\"aigpl-gallery-album-wrp aigpl-gallery-album aigpl-clearfix aigpl-album-design-1 \" id=\"aigpl-gallery-1\">\r\n\r\n\t\t\r\n<div class=\"aigpl-cnt-wrp aigpl-col-3 aigpl-columns aigpl-first\">\r\n\t<div class=\"aigpl-inr-wrp\">\r\n\r\n\t\t<div class=\"aigpl-img-wrp\" style=\"\">\r\n\t\t\t<a class=\"aigpl-img-link\" href=\"https:\/\/templodoreisalomao.com.br\/index.php\/galeria-de-v-m\/?album=1651&#038;album_ses=1#aigpl-album-gallery-1\" target=\"_self\">\r\n\t\t\t\t\t\t\t\t<img decoding=\"async\" class=\"aigpl-img\"  src=\"https:\/\/templodoreisalomao.com.br\/wp-content\/uploads\/2025\/07\/WhatsApp-Image-2025-07-22-at-10.21.15.jpeg\" alt=\"Vener\u00e1vel Mestre Anderson Aparecido de Souza 2025-2027\" \/>\r\n\t\t\t\t\t\t\t<\/a>\r\n\t\t<\/div>\r\n\r\n\t\t\t\t\t<a class=\"aigpl-img-link\" href=\"https:\/\/templodoreisalomao.com.br\/index.php\/galeria-de-v-m\/?album=1651&#038;album_ses=1#aigpl-album-gallery-1\" target=\"_self\">\r\n\t\t\t\t<div class=\"aigpl-img-title aigpl-center\">Vener\u00e1vel Mestre Anderson Aparecido de Souza 2025-2027<\/div>\r\n\t\t\t<\/a>\r\n\t\t\t\t<div class=\"aigpl-img-count aigpl-center\">1 Photos<\/div>\r\n\t\t\t<\/div>\r\n<\/div>\r\n<div class=\"aigpl-cnt-wrp aigpl-col-3 aigpl-columns\">\r\n\t<div class=\"aigpl-inr-wrp\">\r\n\r\n\t\t<div class=\"aigpl-img-wrp\" style=\"\">\r\n\t\t\t<a class=\"aigpl-img-link\" href=\"https:\/\/templodoreisalomao.com.br\/index.php\/galeria-de-v-m\/?album=1595&#038;album_ses=1#aigpl-album-gallery-1\" target=\"_self\">\r\n\t\t\t\t\t\t\t\t<img decoding=\"async\" class=\"aigpl-img\"  src=\"https:\/\/templodoreisalomao.com.br\/wp-content\/uploads\/2023\/12\/Marcelo-Tavares.jpeg\" alt=\"Vener\u00e1vel Mestre Marcelo Aparecido Tavares 2023 &#8211; 2025\" \/>\r\n\t\t\t\t\t\t\t<\/a>\r\n\t\t<\/div>\r\n\r\n\t\t\t\t\t<a class=\"aigpl-img-link\" href=\"https:\/\/templodoreisalomao.com.br\/index.php\/galeria-de-v-m\/?album=1595&#038;album_ses=1#aigpl-album-gallery-1\" target=\"_self\">\r\n\t\t\t\t<div class=\"aigpl-img-title aigpl-center\">Vener\u00e1vel Mestre Marcelo Aparecido Tavares 2023 - 2025<\/div>\r\n\t\t\t<\/a>\r\n\t\t\t\t<div class=\"aigpl-img-count aigpl-center\">1 Photos<\/div>\r\n\t\t\t<\/div>\r\n<\/div>\r\n<div class=\"aigpl-cnt-wrp aigpl-col-3 aigpl-columns\">\r\n\t<div class=\"aigpl-inr-wrp\">\r\n\r\n\t\t<div class=\"aigpl-img-wrp\" style=\"\">\r\n\t\t\t<a class=\"aigpl-img-link\" href=\"https:\/\/templodoreisalomao.com.br\/index.php\/galeria-de-v-m\/?album=1214&#038;album_ses=1#aigpl-album-gallery-1\" target=\"_self\">\r\n\t\t\t\t\t\t\t\t<img decoding=\"async\" class=\"aigpl-img\"  src=\"https:\/\/templodoreisalomao.com.br\/wp-content\/uploads\/2022\/07\/julio.jpg\" alt=\"Vener\u00e1vel Mestre J\u00falio C\u00e9sar Const\u00e2ncio 2021-2023\" \/>\r\n\t\t\t\t\t\t\t<\/a>\r\n\t\t<\/div>\r\n\r\n\t\t\t\t\t<a class=\"aigpl-img-link\" href=\"https:\/\/templodoreisalomao.com.br\/index.php\/galeria-de-v-m\/?album=1214&#038;album_ses=1#aigpl-album-gallery-1\" target=\"_self\">\r\n\t\t\t\t<div class=\"aigpl-img-title aigpl-center\">Vener\u00e1vel Mestre J\u00falio C\u00e9sar Const\u00e2ncio 2021-2023<\/div>\r\n\t\t\t<\/a>\r\n\t\t\t\t<div class=\"aigpl-img-count aigpl-center\">1 Photos<\/div>\r\n\t\t\t<\/div>\r\n<\/div>\r\n<div class=\"aigpl-cnt-wrp aigpl-col-3 aigpl-columns aigpl-first\">\r\n\t<div class=\"aigpl-inr-wrp\">\r\n\r\n\t\t<div class=\"aigpl-img-wrp\" style=\"\">\r\n\t\t\t<a class=\"aigpl-img-link\" href=\"https:\/\/templodoreisalomao.com.br\/index.php\/galeria-de-v-m\/?album=1213&#038;album_ses=1#aigpl-album-gallery-1\" target=\"_self\">\r\n\t\t\t\t\t\t\t\t<img decoding=\"async\" class=\"aigpl-img\"  src=\"https:\/\/templodoreisalomao.com.br\/wp-content\/uploads\/2022\/07\/Samir2.jpeg\" alt=\"Vener\u00e1vel Mestre Samir de C\u00e1ssio Zequi 2019 \u2013 2021\" \/>\r\n\t\t\t\t\t\t\t<\/a>\r\n\t\t<\/div>\r\n\r\n\t\t\t\t\t<a class=\"aigpl-img-link\" href=\"https:\/\/templodoreisalomao.com.br\/index.php\/galeria-de-v-m\/?album=1213&#038;album_ses=1#aigpl-album-gallery-1\" target=\"_self\">\r\n\t\t\t\t<div class=\"aigpl-img-title aigpl-center\">Vener\u00e1vel Mestre Samir de C\u00e1ssio Zequi 2019 \u2013 2021<\/div>\r\n\t\t\t<\/a>\r\n\t\t\t\t<div class=\"aigpl-img-count aigpl-center\">1 Photos<\/div>\r\n\t\t\t<\/div>\r\n<\/div>\r\n<div class=\"aigpl-cnt-wrp aigpl-col-3 aigpl-columns\">\r\n\t<div class=\"aigpl-inr-wrp\">\r\n\r\n\t\t<div class=\"aigpl-img-wrp\" style=\"\">\r\n\t\t\t<a class=\"aigpl-img-link\" href=\"https:\/\/templodoreisalomao.com.br\/index.php\/galeria-de-v-m\/?album=1205&#038;album_ses=1#aigpl-album-gallery-1\" target=\"_self\">\r\n\t\t\t\t\t\t\t\t<img decoding=\"async\" class=\"aigpl-img\"  src=\"https:\/\/templodoreisalomao.com.br\/wp-content\/uploads\/2022\/07\/Carlos-Jose-2.jpeg\" alt=\"Vener\u00e1vel Mestre Carlos Jos\u00e9 da Veiga 2017 \u2013 2019\" \/>\r\n\t\t\t\t\t\t\t<\/a>\r\n\t\t<\/div>\r\n\r\n\t\t\t\t\t<a class=\"aigpl-img-link\" href=\"https:\/\/templodoreisalomao.com.br\/index.php\/galeria-de-v-m\/?album=1205&#038;album_ses=1#aigpl-album-gallery-1\" target=\"_self\">\r\n\t\t\t\t<div class=\"aigpl-img-title aigpl-center\">Vener\u00e1vel Mestre Carlos Jos\u00e9 da Veiga 2017 \u2013 2019<\/div>\r\n\t\t\t<\/a>\r\n\t\t\t\t<div class=\"aigpl-img-count aigpl-center\">1 Photos<\/div>\r\n\t\t\t<\/div>\r\n<\/div>\r\n<div class=\"aigpl-cnt-wrp aigpl-col-3 aigpl-columns\">\r\n\t<div class=\"aigpl-inr-wrp\">\r\n\r\n\t\t<div class=\"aigpl-img-wrp\" style=\"\">\r\n\t\t\t<a class=\"aigpl-img-link\" href=\"https:\/\/templodoreisalomao.com.br\/index.php\/galeria-de-v-m\/?album=1190&#038;album_ses=1#aigpl-album-gallery-1\" target=\"_self\">\r\n\t\t\t\t\t\t\t\t<img decoding=\"async\" class=\"aigpl-img\"  src=\"https:\/\/templodoreisalomao.com.br\/wp-content\/uploads\/2022\/07\/Marcoantonio.jpeg\" alt=\"Vener\u00e1vel Mestre Marco Ant\u00f4nio da Silva 2016 \u2013 2017\" \/>\r\n\t\t\t\t\t\t\t<\/a>\r\n\t\t<\/div>\r\n\r\n\t\t\t\t\t<a class=\"aigpl-img-link\" href=\"https:\/\/templodoreisalomao.com.br\/index.php\/galeria-de-v-m\/?album=1190&#038;album_ses=1#aigpl-album-gallery-1\" target=\"_self\">\r\n\t\t\t\t<div class=\"aigpl-img-title aigpl-center\">Vener\u00e1vel Mestre Marco Ant\u00f4nio da Silva 2016 \u2013 2017<\/div>\r\n\t\t\t<\/a>\r\n\t\t\t\t<div class=\"aigpl-img-count aigpl-center\">1 Photos<\/div>\r\n\t\t\t<\/div>\r\n<\/div>\r\n\t\t<\/div><!-- end .aigpl-gallery-album-wrp -->\r\n\r\n\t\n","protected":false},"excerpt":{"rendered":"","protected":false},"author":1,"featured_media":0,"parent":0,"menu_order":9,"comment_status":"closed","ping_status":"closed","template":"","meta":{"footnotes":""},"class_list":["post-251","page","type-page","status-publish","hentry"],"_links":{"self":[{"href":"https:\/\/templodoreisalomao.com.br\/index.php\/wp-json\/wp\/v2\/pages\/251","targetHints":{"allow":["GET"]}}],"collection":[{"href":"https:\/\/templodoreisalomao.com.br\/index.php\/wp-json\/wp\/v2\/pages"}],"about":[{"href":"https:\/\/templodoreisalomao.com.br\/index.php\/wp-json\/wp\/v2\/types\/page"}],"author":[{"embeddable":true,"href":"https:\/\/templodoreisalomao.com.br\/index.php\/wp-json\/wp\/v2\/users\/1"}],"replies":[{"embeddable":true,"href":"https:\/\/templodoreisalomao.com.br\/index.php\/wp-json\/wp\/v2\/comments?post=251"}],"version-history":[{"count":25,"href":"https:\/\/templodoreisalomao.com.br\/index.php\/wp-json\/wp\/v2\/pages\/251\/revisions"}],"predecessor-version":[{"id":1215,"href":"https:\/\/templodoreisalomao.com.br\/index.php\/wp-json\/wp\/v2\/pages\/251\/revisions\/1215"}],"wp:attachment":[{"href":"https:\/\/templodoreisalomao.com.br\/index.php\/wp-json\/wp\/v2\/media?parent=251"}],"curies":[{"name":"wp","href":"https:\/\/api.w.org\/{rel}","templated":true}]}}