{"id":400,"date":"2022-03-30T09:33:43","date_gmt":"2022-03-30T12:33:43","guid":{"rendered":"http:\/\/templo.uni5.net\/?page_id=400"},"modified":"2025-09-08T10:48:34","modified_gmt":"2025-09-08T13:48:34","slug":"localizacao","status":"publish","type":"page","link":"https:\/\/templodoreisalomao.com.br\/index.php\/localizacao\/","title":{"rendered":"LOCALIZA\u00c7\u00c3O"},"content":{"rendered":"\n<p class=\"has-black-color has-text-color\" style=\"font-size:16px\"><strong>Sess\u00f5es Todas as Primeiras e Terceiras Ter\u00e7as-Feiras do M\u00eas as 20:00h<\/strong><br><strong>R: S\u00e3o Joaquim, 457 &#8211; 5\u00b0 Andar &#8211; Templo Solidariedade<\/strong><br><strong>Liberdade \u2022 S\u00e3o Paulo\/SP \u2022 CEP: 01508-001<\/strong><br><\/p>\n\n\n\n<iframe src=\"https:\/\/www.google.com\/maps\/embed?pb=!1m18!1m12!1m3!1d3657.211788307458!2d-46.634529699999995!3d-23.560835899999997!2m3!1f0!2f0!3f0!3m2!1i1024!2i768!4f13.1!3m3!1m2!1s0x94ce59a6e3242ecd%3A0x72596c1aacfbdab9!2sR.%20S%C3%A3o%20Joaquim%2C%20457%20-%20Liberdade%2C%20S%C3%A3o%20Paulo%20-%20SP%2C%2001508-001!5e0!3m2!1spt-BR!2sbr!4v1757339263917!5m2!1spt-BR!2sbr\" width=\"600\" height=\"450\" style=\"border:0;\" allowfullscreen=\"\" loading=\"lazy\" referrerpolicy=\"no-referrer-when-downgrade\"><\/iframe>\n","protected":false},"excerpt":{"rendered":"<p>Sess\u00f5es Todas as Primeiras e Terceiras Ter\u00e7as-Feiras do M\u00eas as 20:00hR: S\u00e3o Joaquim, 457 &#8211; 5\u00b0 Andar &#8211; Templo SolidariedadeLiberdade \u2022 S\u00e3o Paulo\/SP \u2022 CEP: 01508-001<\/p>\n","protected":false},"author":1,"featured_media":0,"parent":0,"menu_order":5,"comment_status":"closed","ping_status":"closed","template":"","meta":{"footnotes":""},"class_list":["post-400","page","type-page","status-publish","hentry"],"_links":{"self":[{"href":"https:\/\/templodoreisalomao.com.br\/index.php\/wp-json\/wp\/v2\/pages\/400","targetHints":{"allow":["GET"]}}],"collection":[{"href":"https:\/\/templodoreisalomao.com.br\/index.php\/wp-json\/wp\/v2\/pages"}],"about":[{"href":"https:\/\/templodoreisalomao.com.br\/index.php\/wp-json\/wp\/v2\/types\/page"}],"author":[{"embeddable":true,"href":"https:\/\/templodoreisalomao.com.br\/index.php\/wp-json\/wp\/v2\/users\/1"}],"replies":[{"embeddable":true,"href":"https:\/\/templodoreisalomao.com.br\/index.php\/wp-json\/wp\/v2\/comments?post=400"}],"version-history":[{"count":2,"href":"https:\/\/templodoreisalomao.com.br\/index.php\/wp-json\/wp\/v2\/pages\/400\/revisions"}],"predecessor-version":[{"id":1664,"href":"https:\/\/templodoreisalomao.com.br\/index.php\/wp-json\/wp\/v2\/pages\/400\/revisions\/1664"}],"wp:attachment":[{"href":"https:\/\/templodoreisalomao.com.br\/index.php\/wp-json\/wp\/v2\/media?parent=400"}],"curies":[{"name":"wp","href":"https:\/\/api.w.org\/{rel}","templated":true}]}}